{"id":8927,"date":"2024-04-10T11:25:13","date_gmt":"2024-04-10T11:25:13","guid":{"rendered":"https:\/\/europacaferestaurant.com\/politica-de-cookies\/"},"modified":"2024-04-10T11:25:13","modified_gmt":"2024-04-10T11:25:13","slug":"politica-de-cookies","status":"publish","type":"page","link":"https:\/\/europacaferestaurant.com\/en\/politica-de-cookies\/","title":{"rendered":"Pol\u00edtica de Cookies"},"content":{"rendered":"[vc_row type=&#8221;full_width_background&#8221; full_screen_row_position=&#8221;middle&#8221; column_margin=&#8221;none&#8221; column_direction=&#8221;default&#8221; column_direction_tablet=&#8221;default&#8221; column_direction_phone=&#8221;default&#8221; bg_color=&#8221;#f1ebe4&#8243; scene_position=&#8221;center&#8221; top_padding=&#8221;10%&#8221; bottom_padding=&#8221;6%&#8221; left_padding_desktop=&#8221;15%&#8221; constrain_group_2=&#8221;yes&#8221; right_padding_desktop=&#8221;15%&#8221; top_padding_tablet=&#8221;20%&#8221; left_padding_tablet=&#8221;10%&#8221; constrain_group_4=&#8221;yes&#8221; right_padding_tablet=&#8221;10%&#8221; left_padding_phone=&#8221;0&#8243; constrain_group_6=&#8221;yes&#8221; right_padding_phone=&#8221;0&#8243; text_color=&#8221;dark&#8221; text_align=&#8221;left&#8221; row_border_radius=&#8221;none&#8221; row_border_radius_applies=&#8221;bg&#8221; overflow=&#8221;visible&#8221; overlay_strength=&#8221;0.3&#8243; gradient_direction=&#8221;left_to_right&#8221; shape_divider_position=&#8221;bottom&#8221; bg_image_animation=&#8221;none&#8221; shape_type=&#8221;straight_section&#8221; gradient_type=&#8221;default&#8221;][vc_column column_padding=&#8221;no-extra-padding&#8221; column_padding_tablet=&#8221;inherit&#8221; column_padding_phone=&#8221;inherit&#8221; column_padding_position=&#8221;all&#8221; column_element_direction_desktop=&#8221;default&#8221; column_element_spacing=&#8221;0px&#8221; centered_text=&#8221;true&#8221; desktop_text_alignment=&#8221;default&#8221; tablet_text_alignment=&#8221;default&#8221; phone_text_alignment=&#8221;default&#8221; background_color_opacity=&#8221;1&#8243; background_hover_color_opacity=&#8221;1&#8243; column_backdrop_filter=&#8221;none&#8221; column_shadow=&#8221;none&#8221; column_border_radius=&#8221;none&#8221; column_link_target=&#8221;_self&#8221; column_position=&#8221;default&#8221; gradient_direction=&#8221;left_to_right&#8221; overlay_strength=&#8221;0.3&#8243; width=&#8221;1\/1&#8243; tablet_width_inherit=&#8221;default&#8221; animation_type=&#8221;default&#8221; bg_image_animation=&#8221;none&#8221; border_type=&#8221;simple&#8221; column_border_width=&#8221;none&#8221; column_border_style=&#8221;solid&#8221; column_padding_type=&#8221;default&#8221; gradient_type=&#8221;default&#8221;][vc_row_inner column_margin=&#8221;default&#8221; column_direction=&#8221;default&#8221; column_direction_tablet=&#8221;default&#8221; column_direction_phone=&#8221;default&#8221; text_align=&#8221;left&#8221; row_position=&#8221;default&#8221; row_position_tablet=&#8221;inherit&#8221; row_position_phone=&#8221;inherit&#8221; overflow=&#8221;visible&#8221; pointer_events=&#8221;all&#8221;][vc_column_inner column_padding=&#8221;no-extra-padding&#8221; column_padding_tablet=&#8221;inherit&#8221; column_padding_phone=&#8221;inherit&#8221; column_padding_position=&#8221;all&#8221; column_element_direction_desktop=&#8221;horizontal&#8221; column_element_direction_tablet=&#8221;horizontal&#8221; column_element_direction_phone=&#8221;horizontal&#8221; column_element_alignment=&#8221;center&#8221; column_element_spacing=&#8221;5px&#8221; desktop_text_alignment=&#8221;center&#8221; tablet_text_alignment=&#8221;default&#8221; phone_text_alignment=&#8221;default&#8221; background_color_opacity=&#8221;1&#8243; background_hover_color_opacity=&#8221;1&#8243; column_backdrop_filter=&#8221;none&#8221; column_shadow=&#8221;none&#8221; column_border_radius=&#8221;none&#8221; column_link_target=&#8221;_self&#8221; overflow=&#8221;visible&#8221; gradient_direction=&#8221;left_to_right&#8221; overlay_strength=&#8221;0.3&#8243; width=&#8221;1\/1&#8243; tablet_width_inherit=&#8221;default&#8221; animation_type=&#8221;default&#8221; bg_image_animation=&#8221;none&#8221; border_type=&#8221;simple&#8221; column_border_width=&#8221;none&#8221; column_border_style=&#8221;solid&#8221; column_padding_type=&#8221;default&#8221; gradient_type=&#8221;default&#8221;][split_line_heading animation_type=&#8221;line-reveal-by-space&#8221; font_style=&#8221;h1&#8243; text_color=&#8221;#007473&#8243; line_reveal_by_space_text_effect=&#8221;none&#8221; content_alignment=&#8221;default&#8221; mobile_content_alignment=&#8221;inherit&#8221; link_target=&#8221;_self&#8221; text_content=&#8221;Pol\u00edtica de Cookies&#8221; font_size=&#8221;3vw&#8221; font_line_height=&#8221;0.8&#8243; font_size_tablet=&#8221;8vw&#8221; font_size_phone=&#8221;12vw&#8221; el_class=&#8221;cursiva&#8221; text_direction=&#8221;default&#8221;][\/split_line_heading][\/vc_column_inner][\/vc_row_inner][\/vc_column][\/vc_row][vc_row type=&#8221;full_width_background&#8221; full_screen_row_position=&#8221;middle&#8221; column_margin=&#8221;default&#8221; column_direction=&#8221;default&#8221; column_direction_tablet=&#8221;default&#8221; column_direction_phone=&#8221;default&#8221; bg_color=&#8221;#ffffff&#8221; scene_position=&#8221;center&#8221; top_padding=&#8221;6%&#8221; bottom_padding=&#8221;6%&#8221; text_color=&#8221;dark&#8221; text_align=&#8221;left&#8221; row_border_radius=&#8221;none&#8221; row_border_radius_applies=&#8221;bg&#8221; overflow=&#8221;visible&#8221; color_overlay=&#8221;rgba(10,10,10,0.01)&#8221; overlay_strength=&#8221;0.8&#8243; gradient_direction=&#8221;left_to_right&#8221; shape_divider_position=&#8221;bottom&#8221; bg_image_animation=&#8221;none&#8221; parallax_bg=&#8221;true&#8221; parallax_bg_speed=&#8221;fast&#8221; gradient_type=&#8221;default&#8221; shape_type=&#8221;&#8221;][vc_column column_padding=&#8221;no-extra-padding&#8221; column_padding_tablet=&#8221;inherit&#8221; column_padding_phone=&#8221;inherit&#8221; column_padding_position=&#8221;all&#8221; column_element_direction_desktop=&#8221;default&#8221; column_element_spacing=&#8221;default&#8221; desktop_text_alignment=&#8221;default&#8221; tablet_text_alignment=&#8221;default&#8221; phone_text_alignment=&#8221;default&#8221; background_color_opacity=&#8221;1&#8243; background_hover_color_opacity=&#8221;1&#8243; column_backdrop_filter=&#8221;none&#8221; column_shadow=&#8221;none&#8221; column_border_radius=&#8221;none&#8221; column_link_target=&#8221;_self&#8221; column_position=&#8221;default&#8221; gradient_direction=&#8221;left_to_right&#8221; overlay_strength=&#8221;0.3&#8243; width=&#8221;1\/1&#8243; tablet_width_inherit=&#8221;default&#8221; animation_type=&#8221;default&#8221; bg_image_animation=&#8221;none&#8221; border_type=&#8221;simple&#8221; column_border_width=&#8221;none&#8221; column_border_style=&#8221;solid&#8221;][vc_row_inner column_margin=&#8221;default&#8221; column_direction=&#8221;default&#8221; column_direction_tablet=&#8221;default&#8221; column_direction_phone=&#8221;default&#8221; text_align=&#8221;left&#8221; row_position=&#8221;default&#8221; row_position_tablet=&#8221;inherit&#8221; row_position_phone=&#8221;inherit&#8221; overflow=&#8221;visible&#8221; pointer_events=&#8221;all&#8221;][vc_column_inner column_padding=&#8221;no-extra-padding&#8221; column_padding_tablet=&#8221;inherit&#8221; column_padding_phone=&#8221;inherit&#8221; column_padding_position=&#8221;all&#8221; bottom_margin=&#8221;20&#8243; column_element_direction_desktop=&#8221;default&#8221; column_element_spacing=&#8221;default&#8221; desktop_text_alignment=&#8221;default&#8221; tablet_text_alignment=&#8221;default&#8221; phone_text_alignment=&#8221;default&#8221; background_color_opacity=&#8221;1&#8243; background_hover_color_opacity=&#8221;1&#8243; column_backdrop_filter=&#8221;none&#8221; column_shadow=&#8221;none&#8221; column_border_radius=&#8221;none&#8221; column_link_target=&#8221;_self&#8221; overflow=&#8221;visible&#8221; gradient_direction=&#8221;left_to_right&#8221; overlay_strength=&#8221;0.3&#8243; width=&#8221;1\/1&#8243; tablet_width_inherit=&#8221;default&#8221; animation_type=&#8221;default&#8221; bg_image_animation=&#8221;none&#8221; border_type=&#8221;simple&#8221; column_border_width=&#8221;none&#8221; column_border_style=&#8221;solid&#8221; column_padding_type=&#8221;default&#8221; gradient_type=&#8221;default&#8221;][vc_column_text css=&#8221;.vc_custom_1699462833582{margin-bottom: 30px !important;}&#8221;][\/vc_column_text][vc_column_text css=&#8221;.vc_custom_1712748036932{margin-top: 20px !important;}&#8221; text_direction=&#8221;default&#8221;]\n<div class=\"page-container privacy-policy\">\n<div class=\"container\">\n<div class=\"dwoorks-info-block\">\n<div class=\"dwoorks-info-description animated animate__fadeInUp\">\n<div id=\"middle_content_legal\" class=\"align_center font_a\">\n<div class=\"wysiwyg_content font_20 align_left\">\n<p><strong>INFORMACI\u00d3N CORPORATIVA \u2013\u00a0<\/strong>A fin de dar cumplimiento a lo dispuesto en el art\u00edculo 22 de la Ley 34\/2002, de 11 de julio, de servicios de la sociedad de la informaci\u00f3n y de comercio electr\u00f3nico, le informamos que el sitioweb freshdelimonchos.com (en adelante, el \u201c<strong>Website<\/strong>\u201d) utiliza cookies propias y de terceros para ofrecerle una mejor experiencia y servicio. Al navegar o utilizar nuestros servicios el usuario acepta el uso que hacemos de las cookies. Sin embargo, el usuario tiene la opci\u00f3n de impedir la generaci\u00f3n de cookies y la eliminaci\u00f3n de las mismas mediante la selecci\u00f3n de la correspondiente opci\u00f3n en su Navegador.\u00a0En caso de bloquear el uso de cookies en su navegador es posible que algunos servicios o funcionalidades del Website no est\u00e9n disponibles.<strong>\u00a0<\/strong><\/p>\n<p><strong>\u00bfQu\u00e9 es una cookie?<\/strong><\/p>\n<p>Una cookie es un peque\u00f1o fragmento de texto que los websites env\u00edan al navegador y que se almacenan en el terminal del usuario, el cual puede ser un ordenador personal, un tel\u00e9fono m\u00f3vil, un\u00a0<em>tablet<\/em>, etc\u2026 \u00a0Estos archivos permiten que los websites recuerden informaci\u00f3n sobre su visita, como el idioma y las opciones preferidas, lo que puede facilitar su pr\u00f3xima visita y hacer que el sitio resulte m\u00e1s \u00fatil al personalizar su contenido. Las cookies desempe\u00f1an un papel muy importante, al mejorar la experiencia de uso del Website.<strong>\u00a0<\/strong><\/p>\n<p><strong>\u00bfC\u00f3mo se utilizan las cookies?<\/strong><\/p>\n<p>Al navegar por este Website el usuario est\u00e1 aceptando que se puedan instalar cookies en su terminal y que nos permiten conocer la siguiente informaci\u00f3n:<\/p>\n<ul>\n<li>\u00a0\u00a0\u00a0\u00a0\u00a0\u00a0 Informaci\u00f3n estad\u00edstica del uso del Website.<\/li>\n<li>\u00a0\u00a0\u00a0\u00a0\u00a0\u00a0 El \u2018login\u2019 del usuario para mantener la sesi\u00f3n activa en el Website.<\/li>\n<li>\u00a0\u00a0\u00a0\u00a0\u00a0\u00a0 El formato del Website preferente en el acceso desde dispositivos m\u00f3viles.<\/li>\n<li>\u00a0\u00a0\u00a0\u00a0\u00a0\u00a0 Las \u00faltimas b\u00fasquedas realizadas en los servicios del Website y datos de personalizaci\u00f3n de estos servicios.<\/li>\n<li>\u00a0\u00a0\u00a0\u00a0\u00a0\u00a0 Informaci\u00f3n sobre los anuncios que se muestran al usuario.<\/li>\n<li>\u00a0\u00a0\u00a0\u00a0\u00a0\u00a0 Informaci\u00f3n de las encuestas en las que ha participado el usuario.<\/li>\n<li>\u00a0\u00a0\u00a0\u00a0\u00a0\u00a0 Datos de la conexi\u00f3n con las redes sociales para los usuarios que acceden con su usuario de Facebook o Twitter.<\/li>\n<\/ul>\n<p><strong>Tipolog\u00eda de cookies<\/strong><\/p>\n<p>A continuaci\u00f3n, le indicamos una relaci\u00f3n de la tipolog\u00eda de cookies:<\/p>\n<ul>\n<li>\u00a0\u00a0\u00a0\u00a0\u00a0\u00a0 Cookies propias: Son aqu\u00e9llas que se env\u00edan al equipo terminal del usuario desde un equipo o dominio gestionado por nosotros y desde el que se presta el servicio solicitado por el usuario.<\/li>\n<li>\u00a0\u00a0\u00a0\u00a0\u00a0\u00a0 Cookies de tercero: Son aqu\u00e9llas que se env\u00edan al equipo terminal del usuario desde un equipo o dominio que no es gestionado por nosotros, sino por otra entidad que trata los datos obtenidos a trav\u00e9s de las cookies (ej. las cookies usadas por los complementos de redes sociales).<\/li>\n<li>\u00a0\u00a0\u00a0\u00a0\u00a0\u00a0 Cookies de sesi\u00f3n: Son un tipo de cookies dise\u00f1adas para recabar y almacenar datos mientras el usuario accede a una p\u00e1gina web.<\/li>\n<li>\u00a0\u00a0\u00a0\u00a0\u00a0\u00a0 Cookies persistentes: Son un tipo de cookies en el que los datos siguen almacenados en el terminal y pueden ser accedidos y tratados durante un periodo definido por el responsable de la cookie, y que puede ir de unos minutos a varios a\u00f1os.<\/li>\n<li>\u00a0\u00a0\u00a0\u00a0\u00a0\u00a0 Cookies t\u00e9cnicas: Son aquellas que permiten al usuario la navegaci\u00f3n a trav\u00e9s de nuestra p\u00e1gina web, plataforma o aplicaci\u00f3n y la utilizaci\u00f3n de las diferentes opciones o servicios que en ella ofrecemos como, por ejemplo, compartir contenidos a trav\u00e9s de redes sociales.<\/li>\n<li>\u00a0\u00a0\u00a0\u00a0\u00a0\u00a0 Cookie de personalizaci\u00f3n: Son aquellas que permiten al usuario acceder al servicio con algunas caracter\u00edsticas de car\u00e1cter general predefinidas en funci\u00f3n de una serie de criterios en el terminal del usuario como, por ejemplo, el idioma utilizado.<\/li>\n<li>\u00a0\u00a0\u00a0\u00a0\u00a0\u00a0 Cookies publicitarias: Son aquellas que permiten la gesti\u00f3n, de la forma m\u00e1s eficaz posible, de los espacios publicitarios que, en su caso, el editor haya incluido en una p\u00e1gina web, aplicaci\u00f3n o plataforma desde la que presta el servicio solicitado en base a criterios como el contenido editado o la frecuencia en la que se muestran los anuncios.<\/li>\n<li>\u00a0\u00a0\u00a0\u00a0\u00a0\u00a0 de publicidad comportamental: Son aquellas que permiten la gesti\u00f3n, de la forma m\u00e1s eficaz posible, de los espacios publicitarios del Website. Estas cookies almacenan informaci\u00f3n del comportamiento de los usuarios obtenida a trav\u00e9s de la observaci\u00f3n continuada de sus h\u00e1bitos de navegaci\u00f3n, lo que permite desarrollar un perfil espec\u00edfico para mostrar publicidad en funci\u00f3n del mismo.<\/li>\n<\/ul>\n<p><strong>Relaci\u00f3n y descripci\u00f3n de las cookies utilizadas en el Website<\/strong><\/p>\n<p>Este Website utiliza tanto cookies temporales de sesi\u00f3n como cookies permanentes. Las cookies de sesi\u00f3n almacenan datos \u00fanicamente mientras el usuario accede al Website y las cookies permanentes almacenan los datos en el terminal para que sean accedidos y utilizados en m\u00e1s de una sesi\u00f3n. A continuaci\u00f3n le facilitamos la relaci\u00f3n de cookies utilizadas en este Website, identificando su titular, su finalidad as\u00ed como el tiempo en el que permanecen activas:<\/p>\n<table>\n<tbody>\n<tr>\n<td><strong>Titularidad<\/strong><\/td>\n<td><strong>Cookie<\/strong><\/td>\n<td><strong>Finalidad<\/strong><\/td>\n<td><strong>Tiempo<\/strong><\/td>\n<td><strong>M\u00e1s informaci\u00f3n<\/strong><\/td>\n<\/tr>\n<tr>\n<td>Titular cookie<\/td>\n<td>La cookie<\/td>\n<td>Finalidad cookie<\/td>\n<td>Caducidad<\/td>\n<td>\u00a0Info adicional<\/td>\n<\/tr>\n<\/tbody>\n<\/table>\n<p><strong>\u00bfC\u00f3mo administrar cookies en el navegador?<\/strong><\/p>\n<p>El usuario tiene la opci\u00f3n de permitir, bloquear o eliminar las cookies instaladas en su equipo mediante la configuraci\u00f3n de las opciones del navegador instalado en su terminal.<\/p>\n<p>Para ajustar los permisos relacionados con las cookies en el Navegador\u00a0<strong>Google Chrome<\/strong>:<\/p>\n<ul>\n<li>\u00a0\u00a0\u00a0\u00a0\u00a0\u00a0 \u00a0Hacer clic en el men\u00fa\u00a0situado en la barra de herramientas.<\/li>\n<li>\u00a0\u00a0\u00a0\u00a0\u00a0\u00a0 \u00a0Seleccionar\u00a0<strong>Configuraci\u00f3n.<\/strong><\/li>\n<li>\u00a0\u00a0\u00a0\u00a0\u00a0\u00a0 \u00a0Hacer clic en\u00a0<strong>Mostrar opciones avanzadas.<\/strong><\/li>\n<li>\u00a0\u00a0\u00a0\u00a0\u00a0\u00a0 \u00a0En la secci\u00f3n \u201cPrivacidad\u201d hacer clic en el bot\u00f3n\u00a0<strong>Configuraci\u00f3n de contenido<\/strong>.<\/li>\n<li>\u00a0\u00a0\u00a0\u00a0\u00a0\u00a0 \u00a0En la secci\u00f3n de \u201cCookies\u201d se pueden configurar las opciones.<\/li>\n<\/ul>\n<p>*\u00a0<strong><a href=\"https:\/\/support.google.com\/chrome\/answer\/95647?hl=es\" target=\"_blank\" rel=\"noopener\">M\u00e1s informaci\u00f3n sobre\u00a0Google Chrome<\/a><\/strong>.<\/p>\n<p>Para ajustar los permisos relacionados con las cookies en el Navegador\u00a0<strong>Mozilla Firefox<\/strong>:<\/p>\n<ul>\n<li>\u00a0\u00a0\u00a0\u00a0\u00a0\u00a0 En la parte superior de la ventana de Firefox hacer clic en el men\u00fa\u00a0<strong>Herramientas<\/strong>.<\/li>\n<li>\u00a0\u00a0\u00a0\u00a0\u00a0\u00a0 Seleccionar\u00a0<strong>Opciones.<\/strong><\/li>\n<li>\u00a0\u00a0\u00a0\u00a0\u00a0\u00a0 Seleccionar el panel\u00a0<strong>Privacidad.<\/strong><\/li>\n<li>\u00a0\u00a0\u00a0\u00a0\u00a0\u00a0\u00a0<strong>En la opci\u00f3n\u00a0Firefox podr\u00e1\u00a0elegir\u00a0Usar una configuraci\u00f3n personalizada para el historial<\/strong>\u00a0para configurar las opciones.<\/li>\n<\/ul>\n<p>*\u00a0<strong><a href=\"https:\/\/support.mozilla.org\/es\/kb\/cookies-informacion-que-los-sitios-web-guardan-en-?esab=a&amp;s=adminstracion+de+cookies&amp;r=2&amp;as=s\" target=\"_blank\" rel=\"noopener\">M\u00e1s informaci\u00f3n sobre Mozilla Firefox<\/a><\/strong>.<\/p>\n<p>Para ajustar los permisos relacionados con las cookies en el Navegador\u00a0<strong>Internet Explorer 9<\/strong>:<\/p>\n<ul>\n<li>\u00a0\u00a0\u00a0\u00a0\u00a0\u00a0 En la parte superior de la ventana de Internet Explorer hacer clic en el men\u00fa\u00a0<strong>Herramientas.<\/strong><\/li>\n<li>\u00a0\u00a0\u00a0\u00a0\u00a0\u00a0 Seleccionar la pesta\u00f1a de\u00a0<strong>Seguridad<\/strong>\u00a0y utilizar la opci\u00f3n\u00a0<strong>Eliminar el historial de exploraci\u00f3n<\/strong>\u00a0para eliminar las cookies. Activar la casilla Cookies y, a continuaci\u00f3n, hacer clic en Eliminar.<\/li>\n<li>\u00a0\u00a0\u00a0\u00a0\u00a0\u00a0 Seleccionar la pesta\u00f1a de\u00a0<strong>Seguridad<\/strong>\u00a0y utilizar la\u00a0<strong>Configuraci\u00f3n\u00a0<\/strong>mover el control deslizante totalmente hacia arriba para bloquear todas las cookies o totalmente hacia abajo para permitir todas las cookies. Tras ello, hacer clic en\u00a0<strong>Aceptar<\/strong>.<\/li>\n<\/ul>\n<p>*\u00a0<strong><a href=\"https:\/\/windows.microsoft.com\/es-es\/windows7\/how-to-manage-cookies-in-internet-explorer-9\" target=\"_blank\" rel=\"noopener\">M\u00e1s informaci\u00f3n sobre Internet Explorer 9<\/a><\/strong><strong>.<\/strong><\/p>\n<p>En caso de bloquear el uso de cookies en su navegador es posible que algunos servicios o funcionalidades del Website no est\u00e9n disponibles.<\/p>\n<p>En algunos navegadores se pueden configurar reglas espec\u00edficas para administrar cookies por sitio Web, lo que ofrece un control m\u00e1s preciso sobre la privacidad. Esto significa que se puede inhabilitar cookies de todos los sitios salvo de aquellos en los que se conf\u00ede.<\/p>\n<p>Si necesita m\u00e1s informaci\u00f3n, puede contactar con nosotros a trav\u00e9s del correo electr\u00f3nico <a href=\"mailto:info@europacaferestaurant.com\">info@europacaferestaurant.com<\/a><\/p>\n<\/div>\n<\/div>\n<\/div>\n<\/div>\n<\/div>\n<\/div>\n<footer class=\"footer-container\"><\/footer>\n[\/vc_column_text][\/vc_column_inner][\/vc_row_inner][\/vc_column][\/vc_row]\n","protected":false},"excerpt":{"rendered":"<p>[vc_row type=&#8221;full_width_background&#8221; full_screen_row_position=&#8221;middle&#8221; column_margin=&#8221;none&#8221; column_direction=&#8221;default&#8221; column_direction_tablet=&#8221;default&#8221; column_direction_phone=&#8221;default&#8221; bg_color=&#8221;#f1ebe4&#8243; scene_position=&#8221;center&#8221; top_padding=&#8221;10%&#8221; bottom_padding=&#8221;6%&#8221; left_padding_desktop=&#8221;15%&#8221; constrain_group_2=&#8221;yes&#8221; right_padding_desktop=&#8221;15%&#8221; top_padding_tablet=&#8221;20%&#8221; left_padding_tablet=&#8221;10%&#8221; constrain_group_4=&#8221;yes&#8221; right_padding_tablet=&#8221;10%&#8221; left_padding_phone=&#8221;0&#8243; constrain_group_6=&#8221;yes&#8221; right_padding_phone=&#8221;0&#8243; text_color=&#8221;dark&#8221; text_align=&#8221;left&#8221; row_border_radius=&#8221;none&#8221; row_border_radius_applies=&#8221;bg&#8221; overflow=&#8221;visible&#8221; overlay_strength=&#8221;0.3&#8243; gradient_direction=&#8221;left_to_right&#8221; shape_divider_position=&#8221;bottom&#8221; bg_image_animation=&#8221;none&#8221;&#8230;<\/p>\n","protected":false},"author":3,"featured_media":0,"parent":0,"menu_order":0,"comment_status":"closed","ping_status":"closed","template":"","meta":{"footnotes":""},"class_list":["post-8927","page","type-page","status-publish"],"_links":{"self":[{"href":"https:\/\/europacaferestaurant.com\/en\/wp-json\/wp\/v2\/pages\/8927","targetHints":{"allow":["GET"]}}],"collection":[{"href":"https:\/\/europacaferestaurant.com\/en\/wp-json\/wp\/v2\/pages"}],"about":[{"href":"https:\/\/europacaferestaurant.com\/en\/wp-json\/wp\/v2\/types\/page"}],"author":[{"embeddable":true,"href":"https:\/\/europacaferestaurant.com\/en\/wp-json\/wp\/v2\/users\/3"}],"replies":[{"embeddable":true,"href":"https:\/\/europacaferestaurant.com\/en\/wp-json\/wp\/v2\/comments?post=8927"}],"version-history":[{"count":0,"href":"https:\/\/europacaferestaurant.com\/en\/wp-json\/wp\/v2\/pages\/8927\/revisions"}],"wp:attachment":[{"href":"https:\/\/europacaferestaurant.com\/en\/wp-json\/wp\/v2\/media?parent=8927"}],"curies":[{"name":"wp","href":"https:\/\/api.w.org\/{rel}","templated":true}]}}