{"id":9160,"date":"2024-04-10T11:25:13","date_gmt":"2024-04-10T11:25:13","guid":{"rendered":"https:\/\/europacaferestaurant.com\/politica-de-cookies\/"},"modified":"2024-11-02T19:40:41","modified_gmt":"2024-11-02T19:40:41","slug":"politica-de-cookies","status":"publish","type":"page","link":"https:\/\/europacaferestaurant.com\/ca\/politica-de-cookies\/","title":{"rendered":"Pol\u00edtica de Cookies"},"content":{"rendered":"[vc_row type=&#8221;full_width_background&#8221; full_screen_row_position=&#8221;middle&#8221; column_margin=&#8221;none&#8221; column_direction=&#8221;default&#8221; column_direction_tablet=&#8221;default&#8221; column_direction_phone=&#8221;default&#8221; bg_color=&#8221;#f1ebe4&#8243; scene_position=&#8221;center&#8221; top_padding=&#8221;10%&#8221; bottom_padding=&#8221;6%&#8221; left_padding_desktop=&#8221;15%&#8221; constrain_group_2=&#8221;yes&#8221; right_padding_desktop=&#8221;15%&#8221; top_padding_tablet=&#8221;20%&#8221; left_padding_tablet=&#8221;10%&#8221; constrain_group_4=&#8221;yes&#8221; right_padding_tablet=&#8221;10%&#8221; left_padding_phone=&#8221;0&#8243; constrain_group_6=&#8221;yes&#8221; right_padding_phone=&#8221;0&#8243; text_color=&#8221;dark&#8221; text_align=&#8221;left&#8221; row_border_radius=&#8221;none&#8221; row_border_radius_applies=&#8221;bg&#8221; overflow=&#8221;visible&#8221; overlay_strength=&#8221;0.3&#8243; gradient_direction=&#8221;left_to_right&#8221; shape_divider_position=&#8221;bottom&#8221; bg_image_animation=&#8221;none&#8221; shape_type=&#8221;straight_section&#8221; gradient_type=&#8221;default&#8221;][vc_column column_padding=&#8221;no-extra-padding&#8221; column_padding_tablet=&#8221;inherit&#8221; column_padding_phone=&#8221;inherit&#8221; column_padding_position=&#8221;all&#8221; column_element_direction_desktop=&#8221;default&#8221; column_element_spacing=&#8221;0px&#8221; centered_text=&#8221;true&#8221; desktop_text_alignment=&#8221;default&#8221; tablet_text_alignment=&#8221;default&#8221; phone_text_alignment=&#8221;default&#8221; background_color_opacity=&#8221;1&#8243; background_hover_color_opacity=&#8221;1&#8243; column_backdrop_filter=&#8221;none&#8221; column_shadow=&#8221;none&#8221; column_border_radius=&#8221;none&#8221; column_link_target=&#8221;_self&#8221; column_position=&#8221;default&#8221; gradient_direction=&#8221;left_to_right&#8221; overlay_strength=&#8221;0.3&#8243; width=&#8221;1\/1&#8243; tablet_width_inherit=&#8221;default&#8221; animation_type=&#8221;default&#8221; bg_image_animation=&#8221;none&#8221; border_type=&#8221;simple&#8221; column_border_width=&#8221;none&#8221; column_border_style=&#8221;solid&#8221; column_padding_type=&#8221;default&#8221; gradient_type=&#8221;default&#8221;][vc_row_inner column_margin=&#8221;default&#8221; column_direction=&#8221;default&#8221; column_direction_tablet=&#8221;default&#8221; column_direction_phone=&#8221;default&#8221; text_align=&#8221;left&#8221; row_position=&#8221;default&#8221; row_position_tablet=&#8221;inherit&#8221; row_position_phone=&#8221;inherit&#8221; overflow=&#8221;visible&#8221; pointer_events=&#8221;all&#8221;][vc_column_inner column_padding=&#8221;no-extra-padding&#8221; column_padding_tablet=&#8221;inherit&#8221; column_padding_phone=&#8221;inherit&#8221; column_padding_position=&#8221;all&#8221; column_element_direction_desktop=&#8221;horizontal&#8221; column_element_direction_tablet=&#8221;horizontal&#8221; column_element_direction_phone=&#8221;horizontal&#8221; column_element_alignment=&#8221;center&#8221; column_element_spacing=&#8221;5px&#8221; desktop_text_alignment=&#8221;center&#8221; tablet_text_alignment=&#8221;default&#8221; phone_text_alignment=&#8221;default&#8221; background_color_opacity=&#8221;1&#8243; background_hover_color_opacity=&#8221;1&#8243; column_backdrop_filter=&#8221;none&#8221; column_shadow=&#8221;none&#8221; column_border_radius=&#8221;none&#8221; column_link_target=&#8221;_self&#8221; overflow=&#8221;visible&#8221; gradient_direction=&#8221;left_to_right&#8221; overlay_strength=&#8221;0.3&#8243; width=&#8221;1\/1&#8243; tablet_width_inherit=&#8221;default&#8221; animation_type=&#8221;default&#8221; bg_image_animation=&#8221;none&#8221; border_type=&#8221;simple&#8221; column_border_width=&#8221;none&#8221; column_border_style=&#8221;solid&#8221; column_padding_type=&#8221;default&#8221; gradient_type=&#8221;default&#8221;][split_line_heading animation_type=&#8221;line-reveal-by-space&#8221; font_style=&#8221;h1&#8243; text_color=&#8221;#007473&#8243; line_reveal_by_space_text_effect=&#8221;none&#8221; content_alignment=&#8221;default&#8221; mobile_content_alignment=&#8221;inherit&#8221; link_target=&#8221;_self&#8221; text_content=&#8221;Pol\u00edtica de Cookies&#8221; font_size=&#8221;3vw&#8221; font_line_height=&#8221;0.8&#8243; font_size_tablet=&#8221;8vw&#8221; font_size_phone=&#8221;12vw&#8221; el_class=&#8221;cursiva&#8221; text_direction=&#8221;default&#8221;][\/split_line_heading][\/vc_column_inner][\/vc_row_inner][\/vc_column][\/vc_row][vc_row type=&#8221;full_width_background&#8221; full_screen_row_position=&#8221;middle&#8221; column_margin=&#8221;default&#8221; column_direction=&#8221;default&#8221; column_direction_tablet=&#8221;default&#8221; column_direction_phone=&#8221;default&#8221; bg_color=&#8221;#ffffff&#8221; scene_position=&#8221;center&#8221; top_padding=&#8221;6%&#8221; bottom_padding=&#8221;6%&#8221; text_color=&#8221;dark&#8221; text_align=&#8221;left&#8221; row_border_radius=&#8221;none&#8221; row_border_radius_applies=&#8221;bg&#8221; overflow=&#8221;visible&#8221; color_overlay=&#8221;rgba(10,10,10,0.01)&#8221; overlay_strength=&#8221;0.8&#8243; gradient_direction=&#8221;left_to_right&#8221; shape_divider_position=&#8221;bottom&#8221; bg_image_animation=&#8221;none&#8221; parallax_bg=&#8221;true&#8221; parallax_bg_speed=&#8221;fast&#8221; gradient_type=&#8221;default&#8221; shape_type=&#8221;&#8221;][vc_column column_padding=&#8221;no-extra-padding&#8221; column_padding_tablet=&#8221;inherit&#8221; column_padding_phone=&#8221;inherit&#8221; column_padding_position=&#8221;all&#8221; column_element_direction_desktop=&#8221;default&#8221; column_element_spacing=&#8221;default&#8221; desktop_text_alignment=&#8221;default&#8221; tablet_text_alignment=&#8221;default&#8221; phone_text_alignment=&#8221;default&#8221; background_color_opacity=&#8221;1&#8243; background_hover_color_opacity=&#8221;1&#8243; column_backdrop_filter=&#8221;none&#8221; column_shadow=&#8221;none&#8221; column_border_radius=&#8221;none&#8221; column_link_target=&#8221;_self&#8221; column_position=&#8221;default&#8221; gradient_direction=&#8221;left_to_right&#8221; overlay_strength=&#8221;0.3&#8243; width=&#8221;1\/1&#8243; tablet_width_inherit=&#8221;default&#8221; animation_type=&#8221;default&#8221; bg_image_animation=&#8221;none&#8221; border_type=&#8221;simple&#8221; column_border_width=&#8221;none&#8221; column_border_style=&#8221;solid&#8221;][vc_row_inner column_margin=&#8221;default&#8221; column_direction=&#8221;default&#8221; column_direction_tablet=&#8221;default&#8221; column_direction_phone=&#8221;default&#8221; text_align=&#8221;left&#8221; row_position=&#8221;default&#8221; row_position_tablet=&#8221;inherit&#8221; row_position_phone=&#8221;inherit&#8221; overflow=&#8221;visible&#8221; pointer_events=&#8221;all&#8221;][vc_column_inner column_padding=&#8221;no-extra-padding&#8221; column_padding_tablet=&#8221;inherit&#8221; column_padding_phone=&#8221;inherit&#8221; column_padding_position=&#8221;all&#8221; bottom_margin=&#8221;20&#8243; column_element_direction_desktop=&#8221;default&#8221; column_element_spacing=&#8221;default&#8221; desktop_text_alignment=&#8221;default&#8221; tablet_text_alignment=&#8221;default&#8221; phone_text_alignment=&#8221;default&#8221; background_color_opacity=&#8221;1&#8243; background_hover_color_opacity=&#8221;1&#8243; column_backdrop_filter=&#8221;none&#8221; column_shadow=&#8221;none&#8221; column_border_radius=&#8221;none&#8221; column_link_target=&#8221;_self&#8221; overflow=&#8221;visible&#8221; gradient_direction=&#8221;left_to_right&#8221; overlay_strength=&#8221;0.3&#8243; width=&#8221;1\/1&#8243; tablet_width_inherit=&#8221;default&#8221; animation_type=&#8221;default&#8221; bg_image_animation=&#8221;none&#8221; border_type=&#8221;simple&#8221; column_border_width=&#8221;none&#8221; column_border_style=&#8221;solid&#8221; column_padding_type=&#8221;default&#8221; gradient_type=&#8221;default&#8221;][vc_column_text css=&#8221;.vc_custom_1699462833582{margin-bottom: 30px !important;}&#8221;][\/vc_column_text][vc_column_text css=&#8221;.vc_custom_1730576384754{margin-top: 20px !important;}&#8221; text_direction=&#8221;default&#8221;]\n<div class=\"page-container privacy-policy\">\n<div class=\"container\">\n<div class=\"dwoorks-info-block\">\n<div class=\"dwoorks-info-description animated animate__fadeInUp\">\n<div id=\"middle_content_legal\" class=\"align_center font_a\">\n<div class=\"wysiwyg_content font_20 align_left\">\n<p><strong>INFORMACI\u00d3 CORPORATIVA \u2013 <\/strong> A fi de donar compliment al que disposa l&#8217;article 22 de la Llei 34\/2002, de 11 de juliol, de serveis de la societat de la informaci\u00f3 i de comer\u00e7 electr\u00f2nic, l&#8217;informem que el lloc web freshdelimonchos.com (en endavant, el \u201c<strong>Website<\/strong>\u201d) utilitza cookies pr\u00f2pies i de tercers per oferir-li una millor experi\u00e8ncia i servei. En navegar o utilitzar els nostres serveis, l&#8217;usuari accepta l&#8217;\u00fas que fem de les cookies. No obstant aix\u00f2, l&#8217;usuari t\u00e9 l&#8217;opci\u00f3 d&#8217;impedir la generaci\u00f3 de cookies i l&#8217;eliminaci\u00f3 de les mateixes mitjan\u00e7ant la selecci\u00f3 de l&#8217;opci\u00f3 corresponent al seu Navegador. En cas de bloquejar l&#8217;\u00fas de cookies al seu navegador, \u00e9s possible que alguns serveis o funcionalitats del Website no estiguin disponibles.<\/p>\n<p><strong>Qu\u00e8 \u00e9s una cookie?<\/strong><\/p>\n<p>Una cookie \u00e9s un petit fragment de text que els llocs web envien al navegador i que s&#8217;emmagatzemen al terminal de l&#8217;usuari, el qual pot ser un ordinador personal, un tel\u00e8fon m\u00f2bil, un <em>tablet<\/em>, etc. Aquests fitxers permeten que els llocs web recordin informaci\u00f3 sobre la seva visita, com l&#8217;idioma i les opcions preferides, la qual cosa pot facilitar la seva propera visita i fer que el lloc resulti m\u00e9s \u00fatil personalitzant el seu contingut. Les cookies exerceixen un paper molt important, millorant l&#8217;experi\u00e8ncia d&#8217;\u00fas del Website.<\/p>\n<p><strong>Com s&#8217;utilitzen les cookies?<\/strong><\/p>\n<p>En navegar per aquest Website, l&#8217;usuari accepta que es puguin instal\u00b7lar cookies al seu terminal i que ens permeten con\u00e8ixer la seg\u00fcent informaci\u00f3:<\/p>\n<ul>\n<li>Informaci\u00f3 estad\u00edstica de l&#8217;\u00fas del Website.<\/li>\n<li>El \u2018login\u2019 de l&#8217;usuari per mantenir la sessi\u00f3 activa al Website.<\/li>\n<li>El format del Website preferent en l&#8217;acc\u00e9s des de dispositius m\u00f2bils.<\/li>\n<li>Les \u00faltimes cerques realitzades en els serveis del Website i dades de personalitzaci\u00f3 d&#8217;aquests serveis.<\/li>\n<li>Informaci\u00f3 sobre els anuncis que es mostren a l&#8217;usuari.<\/li>\n<li>Informaci\u00f3 de les enquestes en les que ha participat l&#8217;usuari.<\/li>\n<li>Dades de la connexi\u00f3 amb les xarxes socials per als usuaris que accedeixen amb el seu usuari de Facebook o Twitter.<\/li>\n<\/ul>\n<p><strong>Tipologia de cookies<\/strong><\/p>\n<p>A continuaci\u00f3, li indiquem una relaci\u00f3 de la tipologia de cookies:<\/p>\n<ul>\n<li>Cookies pr\u00f2pies: S\u00f3n aquelles que s&#8217;envien a l&#8217;equip terminal de l&#8217;usuari des d&#8217;un equip o domini gestionat per nosaltres i des del qual s&#8217;ofereix el servei sol\u00b7licitat per l&#8217;usuari.<\/li>\n<li>Cookies de tercer: S\u00f3n aquelles que s&#8217;envien a l&#8217;equip terminal de l&#8217;usuari des d&#8217;un equip o domini que no \u00e9s gestionat per nosaltres, sin\u00f3 per una altra entitat que tracta les dades obtingudes a trav\u00e9s de les cookies (ex. les cookies utilitzades pels complements de xarxes socials).<\/li>\n<li>Cookies de sessi\u00f3: S\u00f3n un tipus de cookies dissenyades per recollir i emmagatzemar dades mentre l&#8217;usuari accedeix a una p\u00e0gina web.<\/li>\n<li>Cookies persistents: S\u00f3n un tipus de cookies en qu\u00e8 les dades segueixen emmagatzemades al terminal i poden ser accedides i tractades durant un per\u00edode definit pel responsable de la cookie, que pot anar des d&#8217;uns minuts fins a diversos anys.<\/li>\n<li>Cookies t\u00e8cniques: S\u00f3n aquelles que permeten a l&#8217;usuari la navegaci\u00f3 a trav\u00e9s de la nostra p\u00e0gina web, plataforma o aplicaci\u00f3 i la utilitzaci\u00f3 de les diferents opcions o serveis que en ella oferim com, per exemple, compartir continguts a trav\u00e9s de xarxes socials.<\/li>\n<li>Cookies de personalitzaci\u00f3: S\u00f3n aquelles que permeten a l&#8217;usuari accedir al servei amb algunes caracter\u00edstiques de car\u00e0cter general predefinides en funci\u00f3 d&#8217;una s\u00e8rie de criteris al terminal de l&#8217;usuari com, per exemple, l&#8217;idioma utilitzat.<\/li>\n<li>Cookies publicit\u00e0ries: S\u00f3n aquelles que permeten la gesti\u00f3, de la forma m\u00e9s efica\u00e7 possible, dels espais publicitaris que, en el seu cas, l&#8217;editor hagi incl\u00f2s en una p\u00e0gina web, aplicaci\u00f3 o plataforma des de la qual ofereix el servei sol\u00b7licitat en base a criteris com el contingut editat o la freq\u00fc\u00e8ncia en la qual es mostren els anuncis.<\/li>\n<li>Cookies de publicitat comportamental: S\u00f3n aquelles que permeten la gesti\u00f3, de la forma m\u00e9s efica\u00e7 possible, dels espais publicitaris del Website. Aquestes cookies emmagatzemen informaci\u00f3 del comportament dels usuaris obtinguda a trav\u00e9s de l&#8217;observaci\u00f3 continuada dels seus h\u00e0bits de navegaci\u00f3, la qual cosa permet desenvolupar un perfil espec\u00edfic per mostrar publicitat en funci\u00f3 del mateix.<\/li>\n<\/ul>\n<p><strong>Relaci\u00f3 i descripci\u00f3 de les cookies utilitzades al Website<\/strong><\/p>\n<p>Aquest Website utilitza tant cookies temporals de sessi\u00f3 com cookies permanents. Les cookies de sessi\u00f3 emmagatzemen dades \u00fanicament mentre l&#8217;usuari accedeix al Website i les cookies permanents emmagatzemen les dades al terminal perqu\u00e8 siguin accedides i utilitzades en m\u00e9s d&#8217;una sessi\u00f3. A continuaci\u00f3, li facilitem la relaci\u00f3 de cookies utilitzades en aquest Website, identificant el seu titular, la seva finalitat aix\u00ed com el temps en qu\u00e8 romanen actives:<\/p>\n<table>\n<tbody>\n<tr>\n<td><strong>Titularitat<\/strong><\/td>\n<td><strong>Cookie<\/strong><\/td>\n<td><strong>Finalitat<\/strong><\/td>\n<td><strong>Temps<\/strong><\/td>\n<td><strong>M\u00e9s informaci\u00f3<\/strong><\/td>\n<\/tr>\n<tr>\n<td>Titular cookie<\/td>\n<td>La cookie<\/td>\n<td>Finalitat cookie<\/td>\n<td>Caducitat<\/td>\n<td>Info addicional<\/td>\n<\/tr>\n<\/tbody>\n<\/table>\n<p><strong>Com administrar cookies al navegador?<\/strong><\/p>\n<p>L&#8217;usuari t\u00e9 l&#8217;opci\u00f3 de permetre, bloquejar o eliminar les cookies instal\u00b7lades al seu equip mitjan\u00e7ant la configuraci\u00f3 de les opcions del navegador instal\u00b7lat al seu terminal.<\/p>\n<p>Per ajustar els permisos relacionats amb les cookies al Navegador <strong>Google Chrome<\/strong>:<\/p>\n<ul>\n<li>Fer clic al men\u00fa situat a la barra d&#8217;eines.<\/li>\n<li>Seleccionar <strong>Configuraci\u00f3.<\/strong><\/li>\n<li>Fer clic a <strong>Mostrar opcions avan\u00e7ades.<\/strong><\/li>\n<li>En la secci\u00f3 \u201cPrivacitat\u201d fer clic al bot\u00f3 <strong>Configuraci\u00f3 de contingut<\/strong>.<\/li>\n<li>En la secci\u00f3 de \u201cCookies\u201d es poden configurar les opcions.<\/li>\n<\/ul>\n<p>* <strong><a href=\"https:\/\/support.google.com\/chrome\/answer\/95647?hl=es\" target=\"_blank\" rel=\"noopener\">M\u00e9s informaci\u00f3 sobre Google Chrome<\/a><\/strong>.<\/p>\n<p>Per ajustar els permisos relacionats amb les cookies al Navegador <strong>Mozilla Firefox<\/strong>:<\/p>\n<ul>\n<li>A la part superior de la finestra de Firefox fer clic al men\u00fa <strong>Eines<\/strong>.<\/li>\n<li>Seleccionar <strong>Opcions.<\/strong><\/li>\n<li>Seleccionar el panell <strong>Privacitat.<\/strong><\/li>\n<li><strong>En l&#8217;opci\u00f3 <em>Firefox podr\u00e0 triar Utilitzar una configuraci\u00f3 personalitzada per a l&#8217;historial<\/em><\/strong> per configurar les opcions.<\/li>\n<\/ul>\n<p>* <strong><a href=\"https:\/\/support.mozilla.org\/es\/kb\/cookies-informacion-que-los-sitios-web-guardan-en-?esab=a&amp;s=adminstracion+de+cookies&amp;r=2&amp;as=s\" target=\"_blank\" rel=\"noopener\">M\u00e9s informaci\u00f3 sobre Mozilla Firefox<\/a><\/strong>.<\/p>\n<p>Per ajustar els permisos relacionats amb les cookies al Navegador <strong>Internet Explorer 9<\/strong>:<\/p>\n<ul>\n<li>A la part superior de la finestra d&#8217;Internet Explorer fer clic al men\u00fa <strong>Eines.<\/strong><\/li>\n<li>Seleccionar <strong>Opcions d&#8217;Internet<\/strong>.<\/li>\n<li>Fer clic a la pestanya <strong>Privacitat<\/strong>, i moure el control lliscant per ajustar el nivell de privacitat desitjat.<\/li>\n<\/ul>\n<p>* <strong><a href=\"https:\/\/support.microsoft.com\/es-es\/help\/278835\/how-to-delete-cookie-files-in-internet-explorer\" target=\"_blank\" rel=\"noopener\">M\u00e9s informaci\u00f3 sobre Internet Explorer<\/a><\/strong>.<\/p>\n<p>Per ajustar els permisos relacionats amb les cookies al Navegador <strong>Safari<\/strong>:<\/p>\n<ul>\n<li>Fer clic a la icona de configuraci\u00f3 de Safari.<\/li>\n<li>Seleccionar <strong>Prefer\u00e8ncies<\/strong>.<\/li>\n<li>Fer clic a la pestanya <strong>Privacitat.<\/strong><\/li>\n<li>All\u00e0 pot configurar les opcions desitjades.<\/li>\n<\/ul>\n<p>* <strong><a href=\"https:\/\/support.apple.com\/es-es\/HT201265\" target=\"_blank\" rel=\"noopener\">M\u00e9s informaci\u00f3 sobre Safari<\/a><\/strong>.<\/p>\n<p>Per ajustar els permisos relacionats amb les cookies al Navegador <strong>Any altre navegador<\/strong>:<br \/>\nConsulti la documentaci\u00f3 del navegador que estigui utilitzant. Si desitja obtenir m\u00e9s informaci\u00f3 sobre les cookies, pot visitar el seg\u00fcent enlla\u00e7: <strong><a href=\"http:\/\/www.allaboutcookies.org\/\" target=\"_blank\" rel=\"noopener\">www.allaboutcookies.org<\/a><\/strong>.<\/p>\n<p><strong>Modificacions de la pol\u00edtica de cookies<\/strong><\/p>\n<p>Aquesta pol\u00edtica de cookies pot ser modificada en funci\u00f3 de novetats legislatives o amb la finalitat d&#8217;adaptar-se a les instruccions dictades per l&#8217;Ag\u00e8ncia Espanyola de Protecci\u00f3 de Dades. Quan aix\u00f2 succeeixi, es comunicar\u00e0 a trav\u00e9s del Website les modificacions introdu\u00efdes amb antelaci\u00f3, i es procedir\u00e0 a obtenir el consentiment de l&#8217;usuari.<\/p>\n<\/div>\n<\/div>\n<\/div>\n<\/div>\n<\/div>\n<\/div>\n[\/vc_column_text][\/vc_column_inner][\/vc_row_inner][\/vc_column][\/vc_row]\n","protected":false},"excerpt":{"rendered":"<p>[vc_row type=&#8221;full_width_background&#8221; full_screen_row_position=&#8221;middle&#8221; column_margin=&#8221;none&#8221; column_direction=&#8221;default&#8221; column_direction_tablet=&#8221;default&#8221; column_direction_phone=&#8221;default&#8221; bg_color=&#8221;#f1ebe4&#8243; scene_position=&#8221;center&#8221; top_padding=&#8221;10%&#8221; bottom_padding=&#8221;6%&#8221; left_padding_desktop=&#8221;15%&#8221; constrain_group_2=&#8221;yes&#8221; right_padding_desktop=&#8221;15%&#8221; top_padding_tablet=&#8221;20%&#8221; left_padding_tablet=&#8221;10%&#8221; constrain_group_4=&#8221;yes&#8221; right_padding_tablet=&#8221;10%&#8221; left_padding_phone=&#8221;0&#8243; constrain_group_6=&#8221;yes&#8221; right_padding_phone=&#8221;0&#8243; text_color=&#8221;dark&#8221; text_align=&#8221;left&#8221; row_border_radius=&#8221;none&#8221; row_border_radius_applies=&#8221;bg&#8221; overflow=&#8221;visible&#8221; overlay_strength=&#8221;0.3&#8243; gradient_direction=&#8221;left_to_right&#8221; shape_divider_position=&#8221;bottom&#8221; bg_image_animation=&#8221;none&#8221;&#8230;<\/p>\n","protected":false},"author":3,"featured_media":0,"parent":0,"menu_order":0,"comment_status":"closed","ping_status":"closed","template":"","meta":{"footnotes":""},"class_list":["post-9160","page","type-page","status-publish"],"_links":{"self":[{"href":"https:\/\/europacaferestaurant.com\/ca\/wp-json\/wp\/v2\/pages\/9160","targetHints":{"allow":["GET"]}}],"collection":[{"href":"https:\/\/europacaferestaurant.com\/ca\/wp-json\/wp\/v2\/pages"}],"about":[{"href":"https:\/\/europacaferestaurant.com\/ca\/wp-json\/wp\/v2\/types\/page"}],"author":[{"embeddable":true,"href":"https:\/\/europacaferestaurant.com\/ca\/wp-json\/wp\/v2\/users\/3"}],"replies":[{"embeddable":true,"href":"https:\/\/europacaferestaurant.com\/ca\/wp-json\/wp\/v2\/comments?post=9160"}],"version-history":[{"count":1,"href":"https:\/\/europacaferestaurant.com\/ca\/wp-json\/wp\/v2\/pages\/9160\/revisions"}],"predecessor-version":[{"id":9243,"href":"https:\/\/europacaferestaurant.com\/ca\/wp-json\/wp\/v2\/pages\/9160\/revisions\/9243"}],"wp:attachment":[{"href":"https:\/\/europacaferestaurant.com\/ca\/wp-json\/wp\/v2\/media?parent=9160"}],"curies":[{"name":"wp","href":"https:\/\/api.w.org\/{rel}","templated":true}]}}